{"id":98,"date":"2025-02-27T12:42:42","date_gmt":"2025-02-27T12:42:42","guid":{"rendered":"https:\/\/www.pinballmuseum.cz\/?page_id=98"},"modified":"2025-03-25T10:01:11","modified_gmt":"2025-03-25T09:01:11","slug":"o-nas","status":"publish","type":"page","link":"https:\/\/www.pinballmuseum.cz\/en\/o-nas\/","title":{"rendered":"About us"},"content":{"rendered":"<div data-elementor-type=\"wp-page\" data-elementor-id=\"98\" class=\"elementor elementor-98\" data-elementor-post-type=\"page\">\n\t\t\t\t<div class=\"elementor-element elementor-element-f83515b e-flex e-con-boxed e-con e-parent\" data-id=\"f83515b\" data-element_type=\"container\" data-settings=\"{&quot;background_background&quot;:&quot;classic&quot;}\">\n\t\t\t\t\t<div class=\"e-con-inner\">\n\t\t<div class=\"elementor-element elementor-element-20dea89 e-con-full e-flex e-con e-child\" data-id=\"20dea89\" data-element_type=\"container\">\n\t\t\t\t<div class=\"elementor-element elementor-element-4e33000 elementor-widget elementor-widget-button\" data-id=\"4e33000\" data-element_type=\"widget\" data-widget_type=\"button.default\">\n\t\t\t\t<div class=\"elementor-widget-container\">\n\t\t\t\t\t\t\t\t\t<div class=\"elementor-button-wrapper\">\n\t\t\t\t\t<a class=\"elementor-button elementor-button-link elementor-size-sm\" href=\"#\">\n\t\t\t\t\t\t<span class=\"elementor-button-content-wrapper\">\n\t\t\t\t\t\t\t\t\t<span class=\"elementor-button-text\">About us<\/span>\n\t\t\t\t\t<\/span>\n\t\t\t\t\t<\/a>\n\t\t\t\t<\/div>\n\t\t\t\t\t\t\t\t<\/div>\n\t\t\t\t<\/div>\n\t\t\t\t<div class=\"elementor-element elementor-element-5e1cc0d elementor-widget elementor-widget-heading\" data-id=\"5e1cc0d\" data-element_type=\"widget\" data-widget_type=\"heading.default\">\n\t\t\t\t<div class=\"elementor-widget-container\">\n\t\t\t\t\t<h2 class=\"elementor-heading-title elementor-size-default\">A paradise for new players and old fans alike<\/h2>\t\t\t\t<\/div>\n\t\t\t\t<\/div>\n\t\t\t\t<div class=\"elementor-element elementor-element-dc0680c elementor-widget elementor-widget-text-editor\" data-id=\"dc0680c\" data-element_type=\"widget\" data-widget_type=\"text-editor.default\">\n\t\t\t\t<div class=\"elementor-widget-container\">\n\t\t\t\t\t\t\t\t\t<p>Looking for an original place to have fun with friends or the family? Come and enjoy the atmosphere of the world of pinball and play on 60 pinball machines that have gone down in gaming history.<\/p><p>We are a group of enthusiasts who fell in love with pinball as operators back in the 1990s. This original pastime created so many unforgettable memories, and the desire to bring it back to the people led us to the idea of setting up the Pinball Museum. We are proud to have built a place that pays tribute to this legendary pastime.<\/p><p>With machines dating from the early 1990s to the present day, we have managed to create a complete collection of Bally and Williams pinball machines with dot-matrix displays that started the \u2018golden era of the pinball machines\u2019.<br \/>Why were these pinball machines so successful and won our hearts? They formed the basis for the most successful Hollywood films, such as Indiana Jones, Dracula, the Terminator and more. With new displays, improved sound and expanded visual effects. The most successful of them was the 'Addams Family Gold' machine, of which an incredible 20,270 were produced. You can of course find one in our museum, along with other popular models like 'Medieval Madness', 'Revenge from Mars\u2019 and 'Star Wars'.<\/p><p>Our wax models of the stars help draw you into the atmosphere of these legendary blockbusters. You can look forward to both Arnold Schwarzenegger and intrepid archaeologist Indiana Jones. Come and have your picture taken with them for a permanent souvenir of a great time out with family and friends. Because pinball isn't just a game - it's art, strategy and adrenaline all rolled into one.<\/p>\t\t\t\t\t\t\t\t<\/div>\n\t\t\t\t<\/div>\n\t\t<div class=\"elementor-element elementor-element-c602602 e-con-full e-flex e-con e-child\" data-id=\"c602602\" data-element_type=\"container\">\n\t\t<div class=\"elementor-element elementor-element-c7373c3 e-con-full e-flex e-con e-child\" data-id=\"c7373c3\" data-element_type=\"container\">\n\t\t\t\t<div class=\"elementor-element elementor-element-639d494 elementor-widget elementor-widget-heading\" data-id=\"639d494\" data-element_type=\"widget\" data-widget_type=\"heading.default\">\n\t\t\t\t<div class=\"elementor-widget-container\">\n\t\t\t\t\t<h2 class=\"elementor-heading-title elementor-size-default\">We wish you many successful games, great fun and broken records...\n<\/h2>\t\t\t\t<\/div>\n\t\t\t\t<\/div>\n\t\t\t\t<div class=\"elementor-element elementor-element-a1e0a71 elementor-absolute elementor-widget elementor-widget-heading\" data-id=\"a1e0a71\" data-element_type=\"widget\" data-settings=\"{&quot;_position&quot;:&quot;absolute&quot;}\" data-widget_type=\"heading.default\">\n\t\t\t\t<div class=\"elementor-widget-container\">\n\t\t\t\t\t<h2 class=\"elementor-heading-title elementor-size-default\">\"<\/h2>\t\t\t\t<\/div>\n\t\t\t\t<\/div>\n\t\t\t\t<div class=\"elementor-element elementor-element-0f8f0fc elementor-widget elementor-widget-image\" data-id=\"0f8f0fc\" data-element_type=\"widget\" data-widget_type=\"image.default\">\n\t\t\t\t<div class=\"elementor-widget-container\">\n\t\t\t\t\t\t\t\t\t\t\t\t\t\t\t<img fetchpriority=\"high\" decoding=\"async\" width=\"521\" height=\"375\" src=\"https:\/\/www.pinballmuseum.cz\/wp-content\/uploads\/2025\/03\/zakladatele.webp\" class=\"attachment-large size-large wp-image-386\" alt=\"\" srcset=\"https:\/\/www.pinballmuseum.cz\/wp-content\/uploads\/2025\/03\/zakladatele.webp 521w, https:\/\/www.pinballmuseum.cz\/wp-content\/uploads\/2025\/03\/zakladatele-300x216.webp 300w\" sizes=\"(max-width: 521px) 100vw, 521px\" \/>\t\t\t\t\t\t\t\t\t\t\t\t\t\t\t<\/div>\n\t\t\t\t<\/div>\n\t\t\t\t<\/div>\n\t\t\t\t<\/div>\n\t\t\t\t<\/div>\n\t\t\t\t\t<\/div>\n\t\t\t\t<\/div>\n\t\t\t\t<\/div>","protected":false},"excerpt":{"rendered":"<p>O n\u00e1s R\u00e1j pro nov\u00e9 hr\u00e1\u010de i nostalgiky Hled\u00e1te origin\u00e1ln\u00ed m\u00edsto pro z\u00e1bavu s p\u0159\u00e1teli nebo rodinou? P\u0159ij\u010fte si u\u017e\u00edt atmosf\u00e9ru pinballov\u00e9ho sv\u011bta a zahrajte si na 60 pinballech, kter\u00e9 se zapsaly do hern\u00ed historie. Jsme nad\u0161enci, kte\u0159\u00ed si zamilovali pinball ji\u017e jako provozovatel\u00e9 v 90. letech. Nezapomenuteln\u00e9 vzpom\u00ednky na tuto origin\u00e1ln\u00ed z\u00e1bavu a nad\u011bje, [&hellip;]<\/p>","protected":false},"author":1,"featured_media":27,"parent":0,"menu_order":0,"comment_status":"closed","ping_status":"closed","template":"elementor_header_footer","meta":{"_acf_changed":false,"footnotes":""},"class_list":["post-98","page","type-page","status-publish","has-post-thumbnail","hentry"],"acf":[],"yoast_head":"<!-- This site is optimized with the Yoast SEO plugin v24.7 - https:\/\/yoast.com\/wordpress\/plugins\/seo\/ -->\n<title>O n\u00e1s \u2013 Pinball Museum Praha<\/title>\n<meta name=\"description\" content=\"Zjist\u011bte v\u00edce o historii a posl\u00e1n\u00ed Pinball Musea v Praze. Seznamte se s na\u0161\u00ed v\u00e1\u0161n\u00ed pro pinballov\u00e9 automaty z 90. let.\" \/>\n<meta name=\"robots\" content=\"index, follow, max-snippet:-1, max-image-preview:large, max-video-preview:-1\" \/>\n<link rel=\"canonical\" href=\"https:\/\/www.pinballmuseum.cz\/en\/o-nas\/\" \/>\n<meta property=\"og:locale\" content=\"en_GB\" \/>\n<meta property=\"og:type\" content=\"article\" \/>\n<meta property=\"og:title\" content=\"O n\u00e1s \u2013 Pinball Museum Praha\" \/>\n<meta property=\"og:description\" content=\"Zjist\u011bte v\u00edce o historii a posl\u00e1n\u00ed Pinball Musea v Praze. Seznamte se s na\u0161\u00ed v\u00e1\u0161n\u00ed pro pinballov\u00e9 automaty z 90. let.\" \/>\n<meta property=\"og:url\" content=\"https:\/\/www.pinballmuseum.cz\/en\/o-nas\/\" \/>\n<meta property=\"og:site_name\" content=\"Pinball museum\" \/>\n<meta property=\"article:publisher\" content=\"https:\/\/www.facebook.com\/profile.php?id=61573385813936\" \/>\n<meta property=\"article:modified_time\" content=\"2025-03-25T09:01:11+00:00\" \/>\n<meta property=\"og:image\" content=\"https:\/\/www.pinballmuseum.cz\/wp-content\/uploads\/2025\/02\/Pinball-muzeum.webp\" \/>\n\t<meta property=\"og:image:width\" content=\"1500\" \/>\n\t<meta property=\"og:image:height\" content=\"1000\" \/>\n\t<meta property=\"og:image:type\" content=\"image\/webp\" \/>\n<meta name=\"twitter:card\" content=\"summary_large_image\" \/>\n<meta name=\"twitter:label1\" content=\"Estimated reading time\" \/>\n\t<meta name=\"twitter:data1\" content=\"2 minutes\" \/>\n<script type=\"application\/ld+json\" class=\"yoast-schema-graph\">{\"@context\":\"https:\/\/schema.org\",\"@graph\":[{\"@type\":\"WebPage\",\"@id\":\"https:\/\/www.pinballmuseum.cz\/o-nas\/\",\"url\":\"https:\/\/www.pinballmuseum.cz\/o-nas\/\",\"name\":\"O n\u00e1s \u2013 Pinball Museum Praha\",\"isPartOf\":{\"@id\":\"https:\/\/www.pinballmuseum.cz\/#website\"},\"primaryImageOfPage\":{\"@id\":\"https:\/\/www.pinballmuseum.cz\/o-nas\/#primaryimage\"},\"image\":{\"@id\":\"https:\/\/www.pinballmuseum.cz\/o-nas\/#primaryimage\"},\"thumbnailUrl\":\"https:\/\/www.pinballmuseum.cz\/wp-content\/uploads\/2025\/02\/Pinball-muzeum.webp\",\"datePublished\":\"2025-02-27T12:42:42+00:00\",\"dateModified\":\"2025-03-25T09:01:11+00:00\",\"description\":\"Zjist\u011bte v\u00edce o historii a posl\u00e1n\u00ed Pinball Musea v Praze. Seznamte se s na\u0161\u00ed v\u00e1\u0161n\u00ed pro pinballov\u00e9 automaty z 90. let.\",\"breadcrumb\":{\"@id\":\"https:\/\/www.pinballmuseum.cz\/o-nas\/#breadcrumb\"},\"inLanguage\":\"en-GB\",\"potentialAction\":[{\"@type\":\"ReadAction\",\"target\":[\"https:\/\/www.pinballmuseum.cz\/o-nas\/\"]}]},{\"@type\":\"ImageObject\",\"inLanguage\":\"en-GB\",\"@id\":\"https:\/\/www.pinballmuseum.cz\/o-nas\/#primaryimage\",\"url\":\"https:\/\/www.pinballmuseum.cz\/wp-content\/uploads\/2025\/02\/Pinball-muzeum.webp\",\"contentUrl\":\"https:\/\/www.pinballmuseum.cz\/wp-content\/uploads\/2025\/02\/Pinball-muzeum.webp\",\"width\":1500,\"height\":1000},{\"@type\":\"BreadcrumbList\",\"@id\":\"https:\/\/www.pinballmuseum.cz\/o-nas\/#breadcrumb\",\"itemListElement\":[{\"@type\":\"ListItem\",\"position\":1,\"name\":\"Dom\u016f\",\"item\":\"https:\/\/www.pinballmuseum.cz\/\"},{\"@type\":\"ListItem\",\"position\":2,\"name\":\"O n\u00e1s\"}]},{\"@type\":\"WebSite\",\"@id\":\"https:\/\/www.pinballmuseum.cz\/#website\",\"url\":\"https:\/\/www.pinballmuseum.cz\/\",\"name\":\"Pinball museum\",\"description\":\"\",\"publisher\":{\"@id\":\"https:\/\/www.pinballmuseum.cz\/#organization\"},\"potentialAction\":[{\"@type\":\"SearchAction\",\"target\":{\"@type\":\"EntryPoint\",\"urlTemplate\":\"https:\/\/www.pinballmuseum.cz\/?s={search_term_string}\"},\"query-input\":{\"@type\":\"PropertyValueSpecification\",\"valueRequired\":true,\"valueName\":\"search_term_string\"}}],\"inLanguage\":\"en-GB\"},{\"@type\":\"Organization\",\"@id\":\"https:\/\/www.pinballmuseum.cz\/#organization\",\"name\":\"Pinball museum\",\"url\":\"https:\/\/www.pinballmuseum.cz\/\",\"logo\":{\"@type\":\"ImageObject\",\"inLanguage\":\"en-GB\",\"@id\":\"https:\/\/www.pinballmuseum.cz\/#\/schema\/logo\/image\/\",\"url\":\"https:\/\/www.pinballmuseum.cz\/wp-content\/uploads\/2025\/02\/logo.svg\",\"contentUrl\":\"https:\/\/www.pinballmuseum.cz\/wp-content\/uploads\/2025\/02\/logo.svg\",\"width\":154,\"height\":154,\"caption\":\"Pinball museum\"},\"image\":{\"@id\":\"https:\/\/www.pinballmuseum.cz\/#\/schema\/logo\/image\/\"},\"sameAs\":[\"https:\/\/www.facebook.com\/profile.php?id=61573385813936\",\"https:\/\/www.instagram.com\/czechpinballmuseum1990\/\"]}]}<\/script>\n<!-- \/ Yoast SEO plugin. -->","yoast_head_json":{"title":"O n\u00e1s \u2013 Pinball Museum Praha","description":"Zjist\u011bte v\u00edce o historii a posl\u00e1n\u00ed Pinball Musea v Praze. Seznamte se s na\u0161\u00ed v\u00e1\u0161n\u00ed pro pinballov\u00e9 automaty z 90. let.","robots":{"index":"index","follow":"follow","max-snippet":"max-snippet:-1","max-image-preview":"max-image-preview:large","max-video-preview":"max-video-preview:-1"},"canonical":"https:\/\/www.pinballmuseum.cz\/en\/o-nas\/","og_locale":"en_GB","og_type":"article","og_title":"O n\u00e1s \u2013 Pinball Museum Praha","og_description":"Zjist\u011bte v\u00edce o historii a posl\u00e1n\u00ed Pinball Musea v Praze. Seznamte se s na\u0161\u00ed v\u00e1\u0161n\u00ed pro pinballov\u00e9 automaty z 90. let.","og_url":"https:\/\/www.pinballmuseum.cz\/en\/o-nas\/","og_site_name":"Pinball museum","article_publisher":"https:\/\/www.facebook.com\/profile.php?id=61573385813936","article_modified_time":"2025-03-25T09:01:11+00:00","og_image":[{"width":1500,"height":1000,"url":"https:\/\/www.pinballmuseum.cz\/wp-content\/uploads\/2025\/02\/Pinball-muzeum.webp","type":"image\/webp"}],"twitter_card":"summary_large_image","twitter_misc":{"Estimated reading time":"2 minutes"},"schema":{"@context":"https:\/\/schema.org","@graph":[{"@type":"WebPage","@id":"https:\/\/www.pinballmuseum.cz\/o-nas\/","url":"https:\/\/www.pinballmuseum.cz\/o-nas\/","name":"O n\u00e1s \u2013 Pinball Museum Praha","isPartOf":{"@id":"https:\/\/www.pinballmuseum.cz\/#website"},"primaryImageOfPage":{"@id":"https:\/\/www.pinballmuseum.cz\/o-nas\/#primaryimage"},"image":{"@id":"https:\/\/www.pinballmuseum.cz\/o-nas\/#primaryimage"},"thumbnailUrl":"https:\/\/www.pinballmuseum.cz\/wp-content\/uploads\/2025\/02\/Pinball-muzeum.webp","datePublished":"2025-02-27T12:42:42+00:00","dateModified":"2025-03-25T09:01:11+00:00","description":"Zjist\u011bte v\u00edce o historii a posl\u00e1n\u00ed Pinball Musea v Praze. Seznamte se s na\u0161\u00ed v\u00e1\u0161n\u00ed pro pinballov\u00e9 automaty z 90. let.","breadcrumb":{"@id":"https:\/\/www.pinballmuseum.cz\/o-nas\/#breadcrumb"},"inLanguage":"en-GB","potentialAction":[{"@type":"ReadAction","target":["https:\/\/www.pinballmuseum.cz\/o-nas\/"]}]},{"@type":"ImageObject","inLanguage":"en-GB","@id":"https:\/\/www.pinballmuseum.cz\/o-nas\/#primaryimage","url":"https:\/\/www.pinballmuseum.cz\/wp-content\/uploads\/2025\/02\/Pinball-muzeum.webp","contentUrl":"https:\/\/www.pinballmuseum.cz\/wp-content\/uploads\/2025\/02\/Pinball-muzeum.webp","width":1500,"height":1000},{"@type":"BreadcrumbList","@id":"https:\/\/www.pinballmuseum.cz\/o-nas\/#breadcrumb","itemListElement":[{"@type":"ListItem","position":1,"name":"Dom\u016f","item":"https:\/\/www.pinballmuseum.cz\/"},{"@type":"ListItem","position":2,"name":"O n\u00e1s"}]},{"@type":"WebSite","@id":"https:\/\/www.pinballmuseum.cz\/#website","url":"https:\/\/www.pinballmuseum.cz\/","name":"Pinball museum","description":"","publisher":{"@id":"https:\/\/www.pinballmuseum.cz\/#organization"},"potentialAction":[{"@type":"SearchAction","target":{"@type":"EntryPoint","urlTemplate":"https:\/\/www.pinballmuseum.cz\/?s={search_term_string}"},"query-input":{"@type":"PropertyValueSpecification","valueRequired":true,"valueName":"search_term_string"}}],"inLanguage":"en-GB"},{"@type":"Organization","@id":"https:\/\/www.pinballmuseum.cz\/#organization","name":"Pinball museum","url":"https:\/\/www.pinballmuseum.cz\/","logo":{"@type":"ImageObject","inLanguage":"en-GB","@id":"https:\/\/www.pinballmuseum.cz\/#\/schema\/logo\/image\/","url":"https:\/\/www.pinballmuseum.cz\/wp-content\/uploads\/2025\/02\/logo.svg","contentUrl":"https:\/\/www.pinballmuseum.cz\/wp-content\/uploads\/2025\/02\/logo.svg","width":154,"height":154,"caption":"Pinball museum"},"image":{"@id":"https:\/\/www.pinballmuseum.cz\/#\/schema\/logo\/image\/"},"sameAs":["https:\/\/www.facebook.com\/profile.php?id=61573385813936","https:\/\/www.instagram.com\/czechpinballmuseum1990\/"]}]}},"publishpress_future_action":{"enabled":false,"date":"2026-05-07 03:47:04","action":"change-status","newStatus":"draft","terms":[],"taxonomy":""},"publishpress_future_workflow_manual_trigger":{"enabledWorkflows":[]},"_links":{"self":[{"href":"https:\/\/www.pinballmuseum.cz\/en\/wp-json\/wp\/v2\/pages\/98","targetHints":{"allow":["GET"]}}],"collection":[{"href":"https:\/\/www.pinballmuseum.cz\/en\/wp-json\/wp\/v2\/pages"}],"about":[{"href":"https:\/\/www.pinballmuseum.cz\/en\/wp-json\/wp\/v2\/types\/page"}],"author":[{"embeddable":true,"href":"https:\/\/www.pinballmuseum.cz\/en\/wp-json\/wp\/v2\/users\/1"}],"replies":[{"embeddable":true,"href":"https:\/\/www.pinballmuseum.cz\/en\/wp-json\/wp\/v2\/comments?post=98"}],"version-history":[{"count":0,"href":"https:\/\/www.pinballmuseum.cz\/en\/wp-json\/wp\/v2\/pages\/98\/revisions"}],"wp:featuredmedia":[{"embeddable":true,"href":"https:\/\/www.pinballmuseum.cz\/en\/wp-json\/wp\/v2\/media\/27"}],"wp:attachment":[{"href":"https:\/\/www.pinballmuseum.cz\/en\/wp-json\/wp\/v2\/media?parent=98"}],"curies":[{"name":"wp","href":"https:\/\/api.w.org\/{rel}","templated":true}]}}