{"id":110,"date":"2025-02-27T12:44:27","date_gmt":"2025-02-27T12:44:27","guid":{"rendered":"https:\/\/www.pinballmuseum.cz\/?page_id=110"},"modified":"2025-05-02T13:06:24","modified_gmt":"2025-05-02T12:06:24","slug":"kalendar-akci","status":"publish","type":"page","link":"https:\/\/www.pinballmuseum.cz\/en\/kalendar-akci\/","title":{"rendered":"Events"},"content":{"rendered":"<div data-elementor-type=\"wp-page\" data-elementor-id=\"110\" class=\"elementor elementor-110\" data-elementor-post-type=\"page\">\n\t\t\t\t<div class=\"elementor-element elementor-element-daeb5ec e-flex e-con-boxed e-con e-parent\" data-id=\"daeb5ec\" data-element_type=\"container\" data-settings=\"{&quot;background_background&quot;:&quot;classic&quot;}\">\n\t\t\t\t\t<div class=\"e-con-inner\">\n\t\t<div class=\"elementor-element elementor-element-ce78fb0 e-con-full e-flex e-con e-child\" data-id=\"ce78fb0\" data-element_type=\"container\">\n\t\t\t\t<div class=\"elementor-element elementor-element-8f0cf77 elementor-widget elementor-widget-button\" data-id=\"8f0cf77\" data-element_type=\"widget\" data-widget_type=\"button.default\">\n\t\t\t\t<div class=\"elementor-widget-container\">\n\t\t\t\t\t\t\t\t\t<div class=\"elementor-button-wrapper\">\n\t\t\t\t\t<a class=\"elementor-button elementor-button-link elementor-size-sm\" href=\"#\">\n\t\t\t\t\t\t<span class=\"elementor-button-content-wrapper\">\n\t\t\t\t\t\t\t\t\t<span class=\"elementor-button-text\">Events<\/span>\n\t\t\t\t\t<\/span>\n\t\t\t\t\t<\/a>\n\t\t\t\t<\/div>\n\t\t\t\t\t\t\t\t<\/div>\n\t\t\t\t<\/div>\n\t\t\t\t<div class=\"elementor-element elementor-element-3d5811f elementor-widget elementor-widget-heading\" data-id=\"3d5811f\" data-element_type=\"widget\" data-widget_type=\"heading.default\">\n\t\t\t\t<div class=\"elementor-widget-container\">\n\t\t\t\t\t<h2 class=\"elementor-heading-title elementor-size-default\">A unique experience full of action and adrenaline<\/h2>\t\t\t\t<\/div>\n\t\t\t\t<\/div>\n\t\t\t\t<div class=\"elementor-element elementor-element-f7bba2c elementor-widget elementor-widget-text-editor\" data-id=\"f7bba2c\" data-element_type=\"widget\" data-widget_type=\"text-editor.default\">\n\t\t\t\t<div class=\"elementor-widget-container\">\n\t\t\t\t\t\t\t\t\t<p><span style=\"font-weight: 400;\">Check our calendar regularly so you don't miss any of our exciting events. You can look forward to pinball tournaments and other events dedicated to all pinball enthusiasts. Experience the unique atmosphere of the world of pinball with us.<\/span><\/p>\t\t\t\t\t\t\t\t<\/div>\n\t\t\t\t<\/div>\n\t\t<div class=\"elementor-element elementor-element-cd48b35 e-con-full e-flex e-con e-child\" data-id=\"cd48b35\" data-element_type=\"container\">\n\t\t\t\t<div class=\"elementor-element elementor-element-5a183ea elementor-grid-1 elementor-grid-tablet-1 elementor-grid-mobile-1 elementor-widget elementor-widget-loop-grid\" data-id=\"5a183ea\" data-element_type=\"widget\" data-settings=\"{&quot;template_id&quot;:&quot;524&quot;,&quot;columns&quot;:1,&quot;columns_tablet&quot;:1,&quot;pagination_type&quot;:&quot;load_more_infinite_scroll&quot;,&quot;_skin&quot;:&quot;post&quot;,&quot;columns_mobile&quot;:&quot;1&quot;,&quot;edit_handle_selector&quot;:&quot;[data-elementor-type=\\&quot;loop-item\\&quot;]&quot;,&quot;load_more_spinner&quot;:{&quot;value&quot;:&quot;fas fa-spinner&quot;,&quot;library&quot;:&quot;fa-solid&quot;},&quot;row_gap&quot;:{&quot;unit&quot;:&quot;px&quot;,&quot;size&quot;:&quot;&quot;,&quot;sizes&quot;:[]},&quot;row_gap_tablet&quot;:{&quot;unit&quot;:&quot;px&quot;,&quot;size&quot;:&quot;&quot;,&quot;sizes&quot;:[]},&quot;row_gap_mobile&quot;:{&quot;unit&quot;:&quot;px&quot;,&quot;size&quot;:&quot;&quot;,&quot;sizes&quot;:[]}}\" data-widget_type=\"loop-grid.post\">\n\t\t\t\t<div class=\"elementor-widget-container\">\n\t\t\t\t\t\t\t<div class=\"e-loop-nothing-found-message\">\n\t\t\t\t\t<div class=\"e-loop-nothing-found-message__text\">\n\t\t\t\tNo event has been scheduled yet.\t\t\t<\/div>\n\t\t\t<\/div>\n\t\t\t\t\t\t<\/div>\n\t\t\t\t<\/div>\n\t\t<div class=\"elementor-element elementor-element-aa4b0a4 e-con-full e-flex e-con e-child\" data-id=\"aa4b0a4\" data-element_type=\"container\">\n\t\t\t\t<div class=\"elementor-element elementor-element-e3aece5 elementor-widget elementor-widget-image\" data-id=\"e3aece5\" data-element_type=\"widget\" data-widget_type=\"image.default\">\n\t\t\t\t<div class=\"elementor-widget-container\">\n\t\t\t\t\t\t\t\t\t\t\t\t\t\t\t\t<a href=\"https:\/\/www.kudyznudy.cz\">\n\t\t\t\t\t\t\t<img fetchpriority=\"high\" decoding=\"async\" width=\"800\" height=\"177\" src=\"https:\/\/www.pinballmuseum.cz\/wp-content\/uploads\/2025\/03\/Kudy-z-nudy-bile-1024x226.png\" class=\"attachment-large size-large wp-image-788\" alt=\"\" srcset=\"https:\/\/www.pinballmuseum.cz\/wp-content\/uploads\/2025\/03\/Kudy-z-nudy-bile-1024x226.png 1024w, https:\/\/www.pinballmuseum.cz\/wp-content\/uploads\/2025\/03\/Kudy-z-nudy-bile-600x132.png 600w, https:\/\/www.pinballmuseum.cz\/wp-content\/uploads\/2025\/03\/Kudy-z-nudy-bile-300x66.png 300w, https:\/\/www.pinballmuseum.cz\/wp-content\/uploads\/2025\/03\/Kudy-z-nudy-bile-768x169.png 768w, https:\/\/www.pinballmuseum.cz\/wp-content\/uploads\/2025\/03\/Kudy-z-nudy-bile-1536x339.png 1536w, https:\/\/www.pinballmuseum.cz\/wp-content\/uploads\/2025\/03\/Kudy-z-nudy-bile-2048x452.png 2048w\" sizes=\"(max-width: 800px) 100vw, 800px\" \/>\t\t\t\t\t\t\t\t<\/a>\n\t\t\t\t\t\t\t\t\t\t\t\t\t\t\t<\/div>\n\t\t\t\t<\/div>\n\t\t\t\t<\/div>\n\t\t\t\t<\/div>\n\t\t\t\t<\/div>\n\t\t\t\t\t<\/div>\n\t\t\t\t<\/div>\n\t\t\t\t<\/div>","protected":false},"excerpt":{"rendered":"<p>Kalend\u00e1\u0159 akc\u00ed Jedine\u010dn\u00e9 z\u00e1\u017eitky pln\u00e9 akce a adrenalinu Pravideln\u011b sledujte n\u00e1\u0161 kalend\u00e1\u0159, abyste neprop\u00e1sli \u017e\u00e1dnou z na\u0161ich zaj\u00edmav\u00fdch akc\u00ed. T\u011b\u0161it se m\u016f\u017eete na pinballov\u00e9 turnaje ale i dal\u0161\u00ed akce v\u011bnovan\u00e9 v\u0161em pinballov\u00fdm nad\u0161enc\u016fm. Za\u017eijte s n\u00e1mi jedine\u010dnou atmosf\u00e9ru pinballov\u00e9ho sv\u011bta.<\/p>","protected":false},"author":1,"featured_media":27,"parent":0,"menu_order":0,"comment_status":"closed","ping_status":"closed","template":"elementor_header_footer","meta":{"_acf_changed":false,"footnotes":""},"class_list":["post-110","page","type-page","status-publish","has-post-thumbnail","hentry"],"acf":[],"yoast_head":"<!-- This site is optimized with the Yoast SEO plugin v24.7 - https:\/\/yoast.com\/wordpress\/plugins\/seo\/ -->\n<title>Kalend\u00e1\u0159 akc\u00ed \u2013 Pinball Museum Praha<\/title>\n<meta name=\"description\" content=\"Sledujte pl\u00e1novan\u00e9 akce a turnaje v Pinball Museu v Praze. P\u0159ij\u010fte si zasout\u011b\u017eit nebo se pobavit s p\u0159\u00e1teli.\" \/>\n<meta name=\"robots\" content=\"index, follow, max-snippet:-1, max-image-preview:large, max-video-preview:-1\" \/>\n<link rel=\"canonical\" href=\"https:\/\/www.pinballmuseum.cz\/en\/kalendar-akci\/\" \/>\n<meta property=\"og:locale\" content=\"en_GB\" \/>\n<meta property=\"og:type\" content=\"article\" \/>\n<meta property=\"og:title\" content=\"Kalend\u00e1\u0159 akc\u00ed \u2013 Pinball Museum Praha\" \/>\n<meta property=\"og:description\" content=\"Sledujte pl\u00e1novan\u00e9 akce a turnaje v Pinball Museu v Praze. P\u0159ij\u010fte si zasout\u011b\u017eit nebo se pobavit s p\u0159\u00e1teli.\" \/>\n<meta property=\"og:url\" content=\"https:\/\/www.pinballmuseum.cz\/en\/kalendar-akci\/\" \/>\n<meta property=\"og:site_name\" content=\"Pinball museum\" \/>\n<meta property=\"article:publisher\" content=\"https:\/\/www.facebook.com\/profile.php?id=61573385813936\" \/>\n<meta property=\"article:modified_time\" content=\"2025-05-02T12:06:24+00:00\" \/>\n<meta property=\"og:image\" content=\"https:\/\/www.pinballmuseum.cz\/wp-content\/uploads\/2025\/02\/Pinball-muzeum.webp\" \/>\n\t<meta property=\"og:image:width\" content=\"1500\" \/>\n\t<meta property=\"og:image:height\" content=\"1000\" \/>\n\t<meta property=\"og:image:type\" content=\"image\/webp\" \/>\n<meta name=\"twitter:card\" content=\"summary_large_image\" \/>\n<meta name=\"twitter:label1\" content=\"Estimated reading time\" \/>\n\t<meta name=\"twitter:data1\" content=\"1 minute\" \/>\n<script type=\"application\/ld+json\" class=\"yoast-schema-graph\">{\"@context\":\"https:\/\/schema.org\",\"@graph\":[{\"@type\":\"WebPage\",\"@id\":\"https:\/\/www.pinballmuseum.cz\/kalendar-akci\/\",\"url\":\"https:\/\/www.pinballmuseum.cz\/kalendar-akci\/\",\"name\":\"Kalend\u00e1\u0159 akc\u00ed \u2013 Pinball Museum Praha\",\"isPartOf\":{\"@id\":\"https:\/\/www.pinballmuseum.cz\/#website\"},\"primaryImageOfPage\":{\"@id\":\"https:\/\/www.pinballmuseum.cz\/kalendar-akci\/#primaryimage\"},\"image\":{\"@id\":\"https:\/\/www.pinballmuseum.cz\/kalendar-akci\/#primaryimage\"},\"thumbnailUrl\":\"https:\/\/www.pinballmuseum.cz\/wp-content\/uploads\/2025\/02\/Pinball-muzeum.webp\",\"datePublished\":\"2025-02-27T12:44:27+00:00\",\"dateModified\":\"2025-05-02T12:06:24+00:00\",\"description\":\"Sledujte pl\u00e1novan\u00e9 akce a turnaje v Pinball Museu v Praze. P\u0159ij\u010fte si zasout\u011b\u017eit nebo se pobavit s p\u0159\u00e1teli.\",\"breadcrumb\":{\"@id\":\"https:\/\/www.pinballmuseum.cz\/kalendar-akci\/#breadcrumb\"},\"inLanguage\":\"en-GB\",\"potentialAction\":[{\"@type\":\"ReadAction\",\"target\":[\"https:\/\/www.pinballmuseum.cz\/kalendar-akci\/\"]}]},{\"@type\":\"ImageObject\",\"inLanguage\":\"en-GB\",\"@id\":\"https:\/\/www.pinballmuseum.cz\/kalendar-akci\/#primaryimage\",\"url\":\"https:\/\/www.pinballmuseum.cz\/wp-content\/uploads\/2025\/02\/Pinball-muzeum.webp\",\"contentUrl\":\"https:\/\/www.pinballmuseum.cz\/wp-content\/uploads\/2025\/02\/Pinball-muzeum.webp\",\"width\":1500,\"height\":1000},{\"@type\":\"BreadcrumbList\",\"@id\":\"https:\/\/www.pinballmuseum.cz\/kalendar-akci\/#breadcrumb\",\"itemListElement\":[{\"@type\":\"ListItem\",\"position\":1,\"name\":\"Dom\u016f\",\"item\":\"https:\/\/www.pinballmuseum.cz\/\"},{\"@type\":\"ListItem\",\"position\":2,\"name\":\"Kalend\u00e1\u0159 akc\u00ed\"}]},{\"@type\":\"WebSite\",\"@id\":\"https:\/\/www.pinballmuseum.cz\/#website\",\"url\":\"https:\/\/www.pinballmuseum.cz\/\",\"name\":\"Pinball museum\",\"description\":\"\",\"publisher\":{\"@id\":\"https:\/\/www.pinballmuseum.cz\/#organization\"},\"potentialAction\":[{\"@type\":\"SearchAction\",\"target\":{\"@type\":\"EntryPoint\",\"urlTemplate\":\"https:\/\/www.pinballmuseum.cz\/?s={search_term_string}\"},\"query-input\":{\"@type\":\"PropertyValueSpecification\",\"valueRequired\":true,\"valueName\":\"search_term_string\"}}],\"inLanguage\":\"en-GB\"},{\"@type\":\"Organization\",\"@id\":\"https:\/\/www.pinballmuseum.cz\/#organization\",\"name\":\"Pinball museum\",\"url\":\"https:\/\/www.pinballmuseum.cz\/\",\"logo\":{\"@type\":\"ImageObject\",\"inLanguage\":\"en-GB\",\"@id\":\"https:\/\/www.pinballmuseum.cz\/#\/schema\/logo\/image\/\",\"url\":\"https:\/\/www.pinballmuseum.cz\/wp-content\/uploads\/2025\/02\/logo.svg\",\"contentUrl\":\"https:\/\/www.pinballmuseum.cz\/wp-content\/uploads\/2025\/02\/logo.svg\",\"width\":154,\"height\":154,\"caption\":\"Pinball museum\"},\"image\":{\"@id\":\"https:\/\/www.pinballmuseum.cz\/#\/schema\/logo\/image\/\"},\"sameAs\":[\"https:\/\/www.facebook.com\/profile.php?id=61573385813936\",\"https:\/\/www.instagram.com\/czechpinballmuseum1990\/\"]}]}<\/script>\n<!-- \/ Yoast SEO plugin. -->","yoast_head_json":{"title":"Kalend\u00e1\u0159 akc\u00ed \u2013 Pinball Museum Praha","description":"Sledujte pl\u00e1novan\u00e9 akce a turnaje v Pinball Museu v Praze. P\u0159ij\u010fte si zasout\u011b\u017eit nebo se pobavit s p\u0159\u00e1teli.","robots":{"index":"index","follow":"follow","max-snippet":"max-snippet:-1","max-image-preview":"max-image-preview:large","max-video-preview":"max-video-preview:-1"},"canonical":"https:\/\/www.pinballmuseum.cz\/en\/kalendar-akci\/","og_locale":"en_GB","og_type":"article","og_title":"Kalend\u00e1\u0159 akc\u00ed \u2013 Pinball Museum Praha","og_description":"Sledujte pl\u00e1novan\u00e9 akce a turnaje v Pinball Museu v Praze. P\u0159ij\u010fte si zasout\u011b\u017eit nebo se pobavit s p\u0159\u00e1teli.","og_url":"https:\/\/www.pinballmuseum.cz\/en\/kalendar-akci\/","og_site_name":"Pinball museum","article_publisher":"https:\/\/www.facebook.com\/profile.php?id=61573385813936","article_modified_time":"2025-05-02T12:06:24+00:00","og_image":[{"width":1500,"height":1000,"url":"https:\/\/www.pinballmuseum.cz\/wp-content\/uploads\/2025\/02\/Pinball-muzeum.webp","type":"image\/webp"}],"twitter_card":"summary_large_image","twitter_misc":{"Estimated reading time":"1 minute"},"schema":{"@context":"https:\/\/schema.org","@graph":[{"@type":"WebPage","@id":"https:\/\/www.pinballmuseum.cz\/kalendar-akci\/","url":"https:\/\/www.pinballmuseum.cz\/kalendar-akci\/","name":"Kalend\u00e1\u0159 akc\u00ed \u2013 Pinball Museum Praha","isPartOf":{"@id":"https:\/\/www.pinballmuseum.cz\/#website"},"primaryImageOfPage":{"@id":"https:\/\/www.pinballmuseum.cz\/kalendar-akci\/#primaryimage"},"image":{"@id":"https:\/\/www.pinballmuseum.cz\/kalendar-akci\/#primaryimage"},"thumbnailUrl":"https:\/\/www.pinballmuseum.cz\/wp-content\/uploads\/2025\/02\/Pinball-muzeum.webp","datePublished":"2025-02-27T12:44:27+00:00","dateModified":"2025-05-02T12:06:24+00:00","description":"Sledujte pl\u00e1novan\u00e9 akce a turnaje v Pinball Museu v Praze. P\u0159ij\u010fte si zasout\u011b\u017eit nebo se pobavit s p\u0159\u00e1teli.","breadcrumb":{"@id":"https:\/\/www.pinballmuseum.cz\/kalendar-akci\/#breadcrumb"},"inLanguage":"en-GB","potentialAction":[{"@type":"ReadAction","target":["https:\/\/www.pinballmuseum.cz\/kalendar-akci\/"]}]},{"@type":"ImageObject","inLanguage":"en-GB","@id":"https:\/\/www.pinballmuseum.cz\/kalendar-akci\/#primaryimage","url":"https:\/\/www.pinballmuseum.cz\/wp-content\/uploads\/2025\/02\/Pinball-muzeum.webp","contentUrl":"https:\/\/www.pinballmuseum.cz\/wp-content\/uploads\/2025\/02\/Pinball-muzeum.webp","width":1500,"height":1000},{"@type":"BreadcrumbList","@id":"https:\/\/www.pinballmuseum.cz\/kalendar-akci\/#breadcrumb","itemListElement":[{"@type":"ListItem","position":1,"name":"Dom\u016f","item":"https:\/\/www.pinballmuseum.cz\/"},{"@type":"ListItem","position":2,"name":"Kalend\u00e1\u0159 akc\u00ed"}]},{"@type":"WebSite","@id":"https:\/\/www.pinballmuseum.cz\/#website","url":"https:\/\/www.pinballmuseum.cz\/","name":"Pinball museum","description":"","publisher":{"@id":"https:\/\/www.pinballmuseum.cz\/#organization"},"potentialAction":[{"@type":"SearchAction","target":{"@type":"EntryPoint","urlTemplate":"https:\/\/www.pinballmuseum.cz\/?s={search_term_string}"},"query-input":{"@type":"PropertyValueSpecification","valueRequired":true,"valueName":"search_term_string"}}],"inLanguage":"en-GB"},{"@type":"Organization","@id":"https:\/\/www.pinballmuseum.cz\/#organization","name":"Pinball museum","url":"https:\/\/www.pinballmuseum.cz\/","logo":{"@type":"ImageObject","inLanguage":"en-GB","@id":"https:\/\/www.pinballmuseum.cz\/#\/schema\/logo\/image\/","url":"https:\/\/www.pinballmuseum.cz\/wp-content\/uploads\/2025\/02\/logo.svg","contentUrl":"https:\/\/www.pinballmuseum.cz\/wp-content\/uploads\/2025\/02\/logo.svg","width":154,"height":154,"caption":"Pinball museum"},"image":{"@id":"https:\/\/www.pinballmuseum.cz\/#\/schema\/logo\/image\/"},"sameAs":["https:\/\/www.facebook.com\/profile.php?id=61573385813936","https:\/\/www.instagram.com\/czechpinballmuseum1990\/"]}]}},"publishpress_future_action":{"enabled":false,"date":"2026-05-07 03:43:40","action":"change-status","newStatus":"draft","terms":[],"taxonomy":""},"publishpress_future_workflow_manual_trigger":{"enabledWorkflows":[]},"_links":{"self":[{"href":"https:\/\/www.pinballmuseum.cz\/en\/wp-json\/wp\/v2\/pages\/110","targetHints":{"allow":["GET"]}}],"collection":[{"href":"https:\/\/www.pinballmuseum.cz\/en\/wp-json\/wp\/v2\/pages"}],"about":[{"href":"https:\/\/www.pinballmuseum.cz\/en\/wp-json\/wp\/v2\/types\/page"}],"author":[{"embeddable":true,"href":"https:\/\/www.pinballmuseum.cz\/en\/wp-json\/wp\/v2\/users\/1"}],"replies":[{"embeddable":true,"href":"https:\/\/www.pinballmuseum.cz\/en\/wp-json\/wp\/v2\/comments?post=110"}],"version-history":[{"count":3,"href":"https:\/\/www.pinballmuseum.cz\/en\/wp-json\/wp\/v2\/pages\/110\/revisions"}],"predecessor-version":[{"id":1158,"href":"https:\/\/www.pinballmuseum.cz\/en\/wp-json\/wp\/v2\/pages\/110\/revisions\/1158"}],"wp:featuredmedia":[{"embeddable":true,"href":"https:\/\/www.pinballmuseum.cz\/en\/wp-json\/wp\/v2\/media\/27"}],"wp:attachment":[{"href":"https:\/\/www.pinballmuseum.cz\/en\/wp-json\/wp\/v2\/media?parent=110"}],"curies":[{"name":"wp","href":"https:\/\/api.w.org\/{rel}","templated":true}]}}